{"id":208,"date":"2022-10-05T18:37:51","date_gmt":"2022-10-05T23:37:51","guid":{"rendered":"https:\/\/www.fisiojaviercarreno.com\/?page_id=208"},"modified":"2023-03-14T14:55:11","modified_gmt":"2023-03-14T19:55:11","slug":"experiencia","status":"publish","type":"page","link":"https:\/\/www.fisiojaviercarreno.com\/index.php\/experiencia\/","title":{"rendered":"Experiencia"},"content":{"rendered":"\n<h2 class=\"has-large-font-size wp-block-heading\">Docente<\/h2>\n\n\n\n<p class=\"has-medium-font-size\">He trabajado con universidades como la Universidad Industrial de Santander &#8211; UIS, la Universidad de Santander &#8211; UDES y otras entidades publicas como las Unidades tecnol\u00f3gicas de Santander &#8211; UTS.<\/p>\n\n\n\n<p class=\"has-medium-font-size\">Ser docente no solo me permite cumplir con uno de mis mayores gustos que es compartir conocimiento sino tambien, me exige mantenerme actualizado, leer de diferentes t\u00f3picos y compartir informaci\u00f3n con otros profesionales nacionales e internacionales. <\/p>\n\n\n\n<p class=\"has-medium-font-size\">La docencia es una vocaci\u00f3n que no solo se practica en las aulas sino en los gimnasios, en las casas, etc. No hay mejor manera que ense\u00f1ar que dando ejemplo.<\/p>\n\n\n\n<hr class=\"wp-block-separator has-alpha-channel-opacity\"\/>\n\n\n\n<div class=\"wp-block-columns is-layout-flex wp-container-core-columns-is-layout-9d6595d7 wp-block-columns-is-layout-flex\">\n<div class=\"wp-block-column is-layout-flow wp-block-column-is-layout-flow\" style=\"flex-basis:100%\">\n<figure class=\"wp-block-image size-large is-style-rounded\"><img loading=\"lazy\" decoding=\"async\" width=\"1024\" height=\"768\" src=\"https:\/\/www.fisiojaviercarreno.com\/wp-content\/uploads\/2022\/10\/IMG_9133_Original-1024x768.jpg\" alt=\"\" class=\"wp-image-223\" srcset=\"https:\/\/www.fisiojaviercarreno.com\/wp-content\/uploads\/2022\/10\/IMG_9133_Original-1024x768.jpg 1024w, https:\/\/www.fisiojaviercarreno.com\/wp-content\/uploads\/2022\/10\/IMG_9133_Original-300x225.jpg 300w, https:\/\/www.fisiojaviercarreno.com\/wp-content\/uploads\/2022\/10\/IMG_9133_Original-768x576.jpg 768w, https:\/\/www.fisiojaviercarreno.com\/wp-content\/uploads\/2022\/10\/IMG_9133_Original-1536x1152.jpg 1536w, https:\/\/www.fisiojaviercarreno.com\/wp-content\/uploads\/2022\/10\/IMG_9133_Original-2048x1536.jpg 2048w\" sizes=\"auto, (max-width: 1024px) 100vw, 1024px\" \/><\/figure>\n<\/div>\n<\/div>\n\n\n\n<hr class=\"wp-block-separator has-alpha-channel-opacity\"\/>\n\n\n\n<div class=\"wp-block-columns is-layout-flex wp-container-core-columns-is-layout-9d6595d7 wp-block-columns-is-layout-flex\">\n<div class=\"wp-block-column is-layout-flow wp-block-column-is-layout-flow\" style=\"flex-basis:100%\">\n<h2 class=\"alignwide has-large-font-size wp-block-heading\">Entrenador Personal<\/h2>\n<\/div>\n<\/div>\n\n\n<p>[smartslider3 slider=&#8221;2&#8243;]<\/p>\n\n\n\n<hr class=\"wp-block-separator has-alpha-channel-opacity\"\/>\n\n\n\n<p class=\"has-medium-font-size\">He trabajado como entrenador persona mas de 10 a\u00f1os y he podido orientar a muchos pacientes de diferentes edades a lograr sus objetivos deseados. Mejorar la composici\u00f3n corporal, mejorar su salud f\u00edsica, hipertrofia muscular pero sobre todo, a adquirir h\u00e1bitos y estilos de vida saludables.<\/p>\n\n\n\n<p class=\"has-medium-font-size\">SI quieres ver algunos de mis pacientes entrenando, puedes verlos en mi instagram profesional <a rel=\"noreferrer noopener\" href=\"https:\/\/instagram.com\/fisio_javier?igshid=YmMyMTA2M2Y=\" target=\"_blank\">@fisio_javier<\/a>.  <\/p>\n\n\n\n<hr class=\"wp-block-separator has-alpha-channel-opacity\"\/>\n\n\n\n<h2 class=\"has-large-font-size wp-block-heading\">Investigaciones Cient\u00edficas<\/h2>\n\n\n<p>[smartslider3 slider=&#8221;3&#8243;]<\/p>\n\n\n\n<hr class=\"wp-block-separator has-alpha-channel-opacity\"\/>\n\n\n\n<p class=\"has-medium-font-size\">He trabajado con empresas y cl\u00ednicas generando ciencia. A la fecha, tengo algunas publicaciones en revistas certificadas a nivel nacional e internacional. La investigaci\u00f3n es la mejor manera de aprender, comprender y generar nuevos conocimientos. Es el arte de comprobar todo aquello que creemos, puede ser util en el fitness y la salud. <\/p>\n\n\n\n<p class=\"has-medium-font-size\">Si quieres leer algunos de mis art\u00edculos puedes darle click en los siguientes en los siguientes enlaces. Tambi\u00e9n te invito a que los compartas con aquellas personas que creen que les interese. <\/p>\n\n\n\n<hr class=\"wp-block-separator has-alpha-channel-opacity\"\/>\n\n\n\n<p class=\"has-text-align-center\"><strong>ARTICULOS CIENTIFICOS<\/strong><\/p>\n\n\n\n<p><a href=\"https:\/\/pubmed.ncbi.nlm.nih.gov\/33878107\/\" target=\"_blank\" rel=\"noreferrer noopener\">The SIMAC study A randomized controlled trial to compare the effects of resistance training and aerobic training on the fitness and body composition of Colombian adolescents<\/a><\/p>\n\n\n\n<p><a rel=\"noreferrer noopener\" href=\"http:\/\/Calidad de vida en adultos mayores con enfermedad pulmonarhttps:\/\/revistas.unab.edu.co \u203a article \u203a download\" target=\"_blank\">Calidad de vida en adultos mayores con enfermedad pulmonar obstructiva cro\u0301nica. <\/a><\/p>\n\n\n\n<p><a href=\"https:\/\/pubmed.ncbi.nlm.nih.gov\/34894627\/\" target=\"_blank\" rel=\"noreferrer noopener\">Fitness Changes in Adolescent Girls Following In-School Combined Aerobic and Resistance Exercise: Interaction With Birthweight<\/a><\/p>\n\n\n\n<p><a href=\"http:\/\/www.revibiomedica.sld.cu\/index.php\/ibi\/article\/view\/1411\" target=\"_blank\" rel=\"noreferrer noopener\">Efectos del entrenamiento de fuerza prensil y su asociacio\u0301n sobre la funcio\u0301n vascular en sujetos con criterios de SM una revisio\u0301n de tema<\/a><\/p>\n","protected":false},"excerpt":{"rendered":"<p>Docente He trabajado con universidades como la Universidad Industrial de Santander &#8211; UIS, la Universidad de Santander &#8211; UDES y otras entidades publicas como las Unidades tecnol\u00f3gicas de Santander &#8211; UTS. Ser docente no solo me permite cumplir con uno de mis mayores gustos que es compartir conocimiento sino tambien, me exige mantenerme actualizado, leer [&hellip;]<\/p>\n","protected":false},"author":1,"featured_media":277,"parent":0,"menu_order":2,"comment_status":"closed","ping_status":"closed","template":"","meta":{"footnotes":""},"class_list":["post-208","page","type-page","status-publish","has-post-thumbnail","hentry"],"_links":{"self":[{"href":"https:\/\/www.fisiojaviercarreno.com\/index.php\/wp-json\/wp\/v2\/pages\/208","targetHints":{"allow":["GET"]}}],"collection":[{"href":"https:\/\/www.fisiojaviercarreno.com\/index.php\/wp-json\/wp\/v2\/pages"}],"about":[{"href":"https:\/\/www.fisiojaviercarreno.com\/index.php\/wp-json\/wp\/v2\/types\/page"}],"author":[{"embeddable":true,"href":"https:\/\/www.fisiojaviercarreno.com\/index.php\/wp-json\/wp\/v2\/users\/1"}],"replies":[{"embeddable":true,"href":"https:\/\/www.fisiojaviercarreno.com\/index.php\/wp-json\/wp\/v2\/comments?post=208"}],"version-history":[{"count":24,"href":"https:\/\/www.fisiojaviercarreno.com\/index.php\/wp-json\/wp\/v2\/pages\/208\/revisions"}],"predecessor-version":[{"id":564,"href":"https:\/\/www.fisiojaviercarreno.com\/index.php\/wp-json\/wp\/v2\/pages\/208\/revisions\/564"}],"wp:featuredmedia":[{"embeddable":true,"href":"https:\/\/www.fisiojaviercarreno.com\/index.php\/wp-json\/wp\/v2\/media\/277"}],"wp:attachment":[{"href":"https:\/\/www.fisiojaviercarreno.com\/index.php\/wp-json\/wp\/v2\/media?parent=208"}],"curies":[{"name":"wp","href":"https:\/\/api.w.org\/{rel}","templated":true}]}}